{"id":1437,"date":"2024-05-19T12:55:15","date_gmt":"2024-05-19T09:55:15","guid":{"rendered":"https:\/\/axorarms.com\/folding-products\/folding-semi-auto-shotgun\/fs-a\/"},"modified":"2024-11-01T23:55:51","modified_gmt":"2024-11-01T20:55:51","slug":"fs-a","status":"publish","type":"page","link":"https:\/\/axorarms.com\/en\/folding-products\/folding-semi-auto-shotgun\/fs-a\/","title":{"rendered":"FS-A"},"content":{"rendered":"\n\n  <div class=\"banner has-hover has-parallax\" id=\"banner-631155746\">\n          <div class=\"banner-inner fill\">\n        <div class=\"banner-bg fill\" data-parallax=\"-6\" data-parallax-container=\".banner\" data-parallax-background>\n            <img loading=\"lazy\" decoding=\"async\" width=\"2560\" height=\"1441\" src=\"https:\/\/axorarms.com\/wp-content\/uploads\/2024\/05\/DSC02817-Enhanced-NR-1-scaled.webp\" class=\"bg attachment-original size-original\" alt=\"Axor Arms FS-A Katlan\u0131r Yar\u0131 Otomatik Taktik Av T\u00fcfe\u011fi - Axor Arms\" title=\"\">                        <div class=\"overlay\"><\/div>            \n                    <\/div>\n\t\t\n        <div class=\"banner-layers container\">\n            <div class=\"fill banner-link\"><\/div>            \n\n   <div id=\"text-box-13694438\" class=\"text-box banner-layer x50 md-x50 lg-x50 y50 md-y50 lg-y50 res-text\">\n                                <div class=\"text-box-content text dark\">\n              \n              <div class=\"text-inner text-center\">\n                  \n\n<h1>FS-A<\/h1>\n\n\n<nav aria-label=\"breadcrumbs\" class=\"rank-math-breadcrumb\"><p><\/p><\/nav>\n\n\n              <\/div>\n           <\/div>\n                            \n<style>\n#text-box-13694438 {\n  width: 60%;\n}\n#text-box-13694438 .text-box-content {\n  font-size: 100%;\n}\n<\/style>\n    <\/div>\n \n\n        <\/div>\n      <\/div>\n\n            \n<style>\n#banner-631155746 {\n  padding-top: 162px;\n}\n#banner-631155746 .overlay {\n  background-color: rgba(0,0,0,.5);\n}\n#banner-631155746 .banner-bg img {\n  object-position: 45% 72%;\n}\n@media (min-width:550px) {\n  #banner-631155746 {\n    padding-top: 500px;\n  }\n}\n<\/style>\n  <\/div>\n\n\n\n\t<section class=\"section\" id=\"section_1686739148\">\n\t\t<div class=\"section-bg fill\" >\n\t\t\t\t\t\t\t\t\t\n\t\t\t\n\n\t\t<\/div>\n\n\t\t\n\n\t\t<div class=\"section-content relative\">\n\t\t\t\n\n<div class=\"row\"  id=\"row-550166881\">\n\n\n\t<div id=\"col-1896532213\" class=\"col small-12 large-12\"  >\n\t\t\t\t<div class=\"col-inner\"  >\n\t\t\t\n\t\t\t\n\n<div class=\"slider-wrapper relative\" id=\"slider-1503053668\" >\n    <div class=\"slider slider-nav-dots-square slider-nav-simple slider-nav-large slider-nav-dark slider-style-normal slider-show-nav\"\n        data-flickity-options='{\n            \"cellAlign\": \"center\",\n            \"imagesLoaded\": true,\n            \"lazyLoad\": 1,\n            \"freeScroll\": true,\n            \"wrapAround\": true,\n            \"autoPlay\": false,\n            \"pauseAutoPlayOnHover\" : false,\n            \"prevNextButtons\": true,\n            \"contain\" : true,\n            \"adaptiveHeight\" : true,\n            \"dragThreshold\" : 10,\n            \"percentPosition\": true,\n            \"pageDots\": true,\n            \"rightToLeft\": false,\n            \"draggable\": true,\n            \"selectedAttraction\": 0.1,\n            \"parallax\" : 0,\n            \"friction\": 0.6        }'\n        >\n        \n\n\t<div class=\"img has-hover x md-x lg-x y md-y lg-y\" id=\"image_711178845\">\n\t\t<a class=\"image-lightbox lightbox-gallery\" title=\"\" href=\"https:\/\/axorarms.com\/wp-content\/uploads\/2024\/05\/1-7-scaled.webp\">\t\t\t\t\t\t<div class=\"img-inner image-zoom dark\" >\n\t\t\t<img loading=\"lazy\" decoding=\"async\" width=\"2560\" height=\"1441\" src=\"https:\/\/axorarms.com\/wp-content\/uploads\/2024\/05\/1-7-scaled.webp\" class=\"attachment-original size-original\" alt=\"Axor Arms MF-3 \u015earj\u00f6rl\u00fc Yar\u0131 Otomatik Taktik Av T\u00fcfe\u011fi - Axor Arms\" srcset=\"https:\/\/axorarms.com\/wp-content\/uploads\/2024\/05\/1-7-scaled.webp 2560w, https:\/\/axorarms.com\/wp-content\/uploads\/2024\/05\/1-7-300x169.webp 300w, https:\/\/axorarms.com\/wp-content\/uploads\/2024\/05\/1-7-1024x576.webp 1024w, https:\/\/axorarms.com\/wp-content\/uploads\/2024\/05\/1-7-768x432.webp 768w, https:\/\/axorarms.com\/wp-content\/uploads\/2024\/05\/1-7-1536x864.webp 1536w, https:\/\/axorarms.com\/wp-content\/uploads\/2024\/05\/1-7-2048x1153.webp 2048w\" sizes=\"auto, (max-width: 2560px) 100vw, 2560px\" title=\"\">\t\t\t\t\t\t\n\t\t\t\t\t<\/div>\n\t\t\t\t\t\t<\/a>\t\t\n<style>\n#image_711178845 {\n  width: 100%;\n}\n<\/style>\n\t<\/div>\n\t\n\n\t<div class=\"img has-hover x md-x lg-x y md-y lg-y\" id=\"image_1956788072\">\n\t\t<a class=\"image-lightbox lightbox-gallery\" title=\"\" href=\"https:\/\/axorarms.com\/wp-content\/uploads\/2024\/05\/2-1-1-scaled.webp\">\t\t\t\t\t\t<div class=\"img-inner image-zoom dark\" >\n\t\t\t<img loading=\"lazy\" decoding=\"async\" width=\"2560\" height=\"1441\" src=\"https:\/\/axorarms.com\/wp-content\/uploads\/2024\/05\/2-1-1-scaled.webp\" class=\"attachment-original size-original\" alt=\"Axor Arms FS-A Katlan\u0131r Yar\u0131 Otomatik Taktik Av T\u00fcfe\u011fi - Axor Arms\" srcset=\"https:\/\/axorarms.com\/wp-content\/uploads\/2024\/05\/2-1-1-scaled.webp 2560w, https:\/\/axorarms.com\/wp-content\/uploads\/2024\/05\/2-1-1-300x169.webp 300w, https:\/\/axorarms.com\/wp-content\/uploads\/2024\/05\/2-1-1-1024x576.webp 1024w, https:\/\/axorarms.com\/wp-content\/uploads\/2024\/05\/2-1-1-768x432.webp 768w, https:\/\/axorarms.com\/wp-content\/uploads\/2024\/05\/2-1-1-1536x864.webp 1536w, https:\/\/axorarms.com\/wp-content\/uploads\/2024\/05\/2-1-1-2048x1153.webp 2048w\" sizes=\"auto, (max-width: 2560px) 100vw, 2560px\" title=\"\">\t\t\t\t\t\t\n\t\t\t\t\t<\/div>\n\t\t\t\t\t\t<\/a>\t\t\n<style>\n#image_1956788072 {\n  width: 100%;\n}\n<\/style>\n\t<\/div>\n\t\n\n\n     <\/div>\n\n     <div class=\"loading-spin dark large centered\"><\/div>\n\n\t<\/div>\n\n\n<h2 style=\"text-align: center;\">Informations<\/h2>\n\n\t\t<div class=\"tabbed-content tabs-custom\">\n\t\t\t\n\t\t\t<ul class=\"nav nav-bold nav-uppercase nav-size-normal nav-center active-on-hover\" role=\"tablist\"><li id=\"tab-description\" class=\"tab active has-icon\" role=\"presentation\"><a href=\"#tab_description\" role=\"tab\" aria-selected=\"true\" aria-controls=\"tab_description\"><span>Description<\/span><\/a><\/li>\n<li id=\"tab-colors\" class=\"tab has-icon\" role=\"presentation\"><a href=\"#tab_colors\" tabindex=\"-1\" role=\"tab\" aria-selected=\"false\" aria-controls=\"tab_colors\"><span>Colors<\/span><\/a><\/li>\n<li id=\"tab-specification\" class=\"tab has-icon\" role=\"presentation\"><a href=\"#tab_specification\" tabindex=\"-1\" role=\"tab\" aria-selected=\"false\" aria-controls=\"tab_specification\"><span>Specification<\/span><\/a><\/li><\/ul><div class=\"tab-panels\"><div id=\"tab_description\" class=\"panel active entry-content\" role=\"tabpanel\" aria-labelledby=\"tab-description\">\n\n<div class=\"row align-middle align-center\"  id=\"row-412467838\">\n\n\n\t<div id=\"col-2101480113\" class=\"col small-12 large-12\"  >\n\t\t\t\t<div class=\"col-inner\"  >\n\t\t\t\n\t\t\t\n\n\t<div id=\"text-3609489043\" class=\"text\">\n\t\t\n\n<h2>AXOR ARMS FS-A<\/h2>\n<p>FS-A is a folding, semi auto tactical hunting shotgun. Thanks to its revolutionary folding feature, it can be easily carried. Its synthetic handguard and stock are preferred due to its lightweight design, reducing overall weight and increasing shooter control. The synthetic telescopic stock can be personalized according to your preference and has 2 shotgun shell holders underneath. The textured design of the handguard provides a tight and secure grip. Additionally, you can personalize the shotgun with various universal accessories using a standard 22mm Picatinny rail.<\/p>\n\t\t\n<style>\n#text-3609489043 {\n  text-align: center;\n}\n<\/style>\n\t<\/div>\n\t\n\n\t\t<\/div>\n\t\t\t\t\n<style>\n#col-2101480113 > .col-inner {\n  padding: 0px 0px 0px 0px;\n}\n<\/style>\n\t<\/div>\n\n\t\n\n<\/div>\n\n<\/div>\n<div id=\"tab_colors\" class=\"panel entry-content\" role=\"tabpanel\" aria-labelledby=\"tab-colors\">\n\n<div class=\"row align-middle align-center\"  id=\"row-2034276078\">\n\n\n\t<div id=\"col-425268973\" class=\"col medium-6 small-12 large-6\"  >\n\t\t\t\t<div class=\"col-inner\"  >\n\t\t\t\n\t<div class=\"is-border\"\n\t\tstyle=\"border-color:rgb(132, 132, 133);border-radius:5px;border-width:1px 1px 1px 1px;\">\n\t<\/div>\n\t\t\t\n\n<div class=\"slider-wrapper relative\" id=\"slider-621671440\" >\n    <div class=\"slider slider-nav-dots-square slider-nav-simple slider-nav-large slider-nav-dark slider-style-normal slider-show-nav\"\n        data-flickity-options='{\n            \"cellAlign\": \"center\",\n            \"imagesLoaded\": true,\n            \"lazyLoad\": 1,\n            \"freeScroll\": true,\n            \"wrapAround\": true,\n            \"autoPlay\": false,\n            \"pauseAutoPlayOnHover\" : false,\n            \"prevNextButtons\": true,\n            \"contain\" : true,\n            \"adaptiveHeight\" : true,\n            \"dragThreshold\" : 10,\n            \"percentPosition\": true,\n            \"pageDots\": true,\n            \"rightToLeft\": false,\n            \"draggable\": true,\n            \"selectedAttraction\": 0.1,\n            \"parallax\" : 0,\n            \"friction\": 0.6        }'\n        >\n        \n\n\t<div class=\"img has-hover custom-image-bck x md-x lg-x y md-y lg-y\" id=\"image_398259481\">\n\t\t<a class=\"image-lightbox lightbox-gallery\" title=\"\" href=\"https:\/\/axorarms.com\/wp-content\/uploads\/2024\/05\/CC04-1-scaled.webp\">\t\t\t\t\t\t<div class=\"img-inner image-zoom dark\" >\n\t\t\t<img loading=\"lazy\" decoding=\"async\" width=\"2560\" height=\"1441\" src=\"https:\/\/axorarms.com\/wp-content\/uploads\/2024\/05\/CC04-1-scaled.webp\" class=\"attachment-original size-original\" alt=\"Axor Arms FS-A Katlan\u0131r Yar\u0131 Otomatik Taktik Av T\u00fcfe\u011fi - Axor Arms\" srcset=\"https:\/\/axorarms.com\/wp-content\/uploads\/2024\/05\/CC04-1-scaled.webp 2560w, https:\/\/axorarms.com\/wp-content\/uploads\/2024\/05\/CC04-1-300x169.webp 300w, https:\/\/axorarms.com\/wp-content\/uploads\/2024\/05\/CC04-1-1024x576.webp 1024w, https:\/\/axorarms.com\/wp-content\/uploads\/2024\/05\/CC04-1-768x432.webp 768w, https:\/\/axorarms.com\/wp-content\/uploads\/2024\/05\/CC04-1-1536x864.webp 1536w, https:\/\/axorarms.com\/wp-content\/uploads\/2024\/05\/CC04-1-2048x1153.webp 2048w\" sizes=\"auto, (max-width: 2560px) 100vw, 2560px\" title=\"\">\t\t\t\t\t\t\n\t\t\t\t\t<\/div>\n\t\t\t\t\t\t<\/a>\t\t\n<style>\n#image_398259481 {\n  width: 100%;\n}\n<\/style>\n\t<\/div>\n\t\n\n\t<div class=\"img has-hover custom-image-bck x md-x lg-x y md-y lg-y\" id=\"image_1677378870\">\n\t\t<a class=\"image-lightbox lightbox-gallery\" title=\"\" href=\"https:\/\/axorarms.com\/wp-content\/uploads\/2024\/05\/CC04X-1-scaled.webp\">\t\t\t\t\t\t<div class=\"img-inner image-zoom dark\" >\n\t\t\t<img loading=\"lazy\" decoding=\"async\" width=\"2560\" height=\"1441\" src=\"https:\/\/axorarms.com\/wp-content\/uploads\/2024\/05\/CC04X-1-scaled.webp\" class=\"attachment-original size-original\" alt=\"Axor Arms FS-A Katlan\u0131r Yar\u0131 Otomatik Taktik Av T\u00fcfe\u011fi - Axor Arms\" srcset=\"https:\/\/axorarms.com\/wp-content\/uploads\/2024\/05\/CC04X-1-scaled.webp 2560w, https:\/\/axorarms.com\/wp-content\/uploads\/2024\/05\/CC04X-1-300x169.webp 300w, https:\/\/axorarms.com\/wp-content\/uploads\/2024\/05\/CC04X-1-1024x576.webp 1024w, https:\/\/axorarms.com\/wp-content\/uploads\/2024\/05\/CC04X-1-768x432.webp 768w, https:\/\/axorarms.com\/wp-content\/uploads\/2024\/05\/CC04X-1-1536x864.webp 1536w, https:\/\/axorarms.com\/wp-content\/uploads\/2024\/05\/CC04X-1-2048x1153.webp 2048w\" sizes=\"auto, (max-width: 2560px) 100vw, 2560px\" title=\"\">\t\t\t\t\t\t\n\t\t\t\t\t<\/div>\n\t\t\t\t\t\t<\/a>\t\t\n<style>\n#image_1677378870 {\n  width: 100%;\n}\n<\/style>\n\t<\/div>\n\t\n\n\n     <\/div>\n\n     <div class=\"loading-spin dark large centered\"><\/div>\n\n\t<\/div>\n\n\n<p style=\"text-align: center;\">Cerakote Coating : CC01<\/p>\n\n\t\t<\/div>\n\t\t\t\t\t<\/div>\n\n\t\n\n\t<div id=\"col-1741049901\" class=\"col medium-6 small-12 large-6\"  >\n\t\t\t\t<div class=\"col-inner\"  >\n\t\t\t\n\t<div class=\"is-border\"\n\t\tstyle=\"border-color:rgb(132, 132, 133);border-radius:5px;border-width:1px 1px 1px 1px;\">\n\t<\/div>\n\t\t\t\n\n<div class=\"slider-wrapper relative\" id=\"slider-786747850\" >\n    <div class=\"slider slider-nav-dots-square slider-nav-simple slider-nav-large slider-nav-dark slider-style-normal slider-show-nav\"\n        data-flickity-options='{\n            \"cellAlign\": \"center\",\n            \"imagesLoaded\": true,\n            \"lazyLoad\": 1,\n            \"freeScroll\": true,\n            \"wrapAround\": true,\n            \"autoPlay\": false,\n            \"pauseAutoPlayOnHover\" : false,\n            \"prevNextButtons\": true,\n            \"contain\" : true,\n            \"adaptiveHeight\" : true,\n            \"dragThreshold\" : 10,\n            \"percentPosition\": true,\n            \"pageDots\": true,\n            \"rightToLeft\": false,\n            \"draggable\": true,\n            \"selectedAttraction\": 0.1,\n            \"parallax\" : 0,\n            \"friction\": 0.6        }'\n        >\n        \n\n\t<div class=\"img has-hover custom-image-bck x md-x lg-x y md-y lg-y\" id=\"image_1956582362\">\n\t\t<a class=\"image-lightbox lightbox-gallery\" title=\"\" href=\"https:\/\/axorarms.com\/wp-content\/uploads\/2024\/05\/CC06-2-scaled.webp\">\t\t\t\t\t\t<div class=\"img-inner image-zoom dark\" >\n\t\t\t<img loading=\"lazy\" decoding=\"async\" width=\"2560\" height=\"1441\" src=\"https:\/\/axorarms.com\/wp-content\/uploads\/2024\/05\/CC06-2-scaled.webp\" class=\"attachment-original size-original\" alt=\"Axor Arms MF-3 \u015earj\u00f6rl\u00fc Yar\u0131 Otomatik Taktik Av T\u00fcfe\u011fi - Axor Arms\" srcset=\"https:\/\/axorarms.com\/wp-content\/uploads\/2024\/05\/CC06-2-scaled.webp 2560w, https:\/\/axorarms.com\/wp-content\/uploads\/2024\/05\/CC06-2-300x169.webp 300w, https:\/\/axorarms.com\/wp-content\/uploads\/2024\/05\/CC06-2-1024x576.webp 1024w, https:\/\/axorarms.com\/wp-content\/uploads\/2024\/05\/CC06-2-768x432.webp 768w, https:\/\/axorarms.com\/wp-content\/uploads\/2024\/05\/CC06-2-1536x864.webp 1536w, https:\/\/axorarms.com\/wp-content\/uploads\/2024\/05\/CC06-2-2048x1153.webp 2048w\" sizes=\"auto, (max-width: 2560px) 100vw, 2560px\" title=\"\">\t\t\t\t\t\t\n\t\t\t\t\t<\/div>\n\t\t\t\t\t\t<\/a>\t\t\n<style>\n#image_1956582362 {\n  width: 100%;\n}\n<\/style>\n\t<\/div>\n\t\n\n\t<div class=\"img has-hover custom-image-bck x md-x lg-x y md-y lg-y\" id=\"image_1726625344\">\n\t\t<a class=\"image-lightbox lightbox-gallery\" title=\"\" href=\"https:\/\/axorarms.com\/wp-content\/uploads\/2024\/05\/CC06X-2-scaled.webp\">\t\t\t\t\t\t<div class=\"img-inner image-zoom dark\" >\n\t\t\t<img loading=\"lazy\" decoding=\"async\" width=\"2560\" height=\"1441\" src=\"https:\/\/axorarms.com\/wp-content\/uploads\/2024\/05\/CC06X-2-scaled.webp\" class=\"attachment-original size-original\" alt=\"Axor Arms MF-3 \u015earj\u00f6rl\u00fc Yar\u0131 Otomatik Taktik Av T\u00fcfe\u011fi - Axor Arms\" srcset=\"https:\/\/axorarms.com\/wp-content\/uploads\/2024\/05\/CC06X-2-scaled.webp 2560w, https:\/\/axorarms.com\/wp-content\/uploads\/2024\/05\/CC06X-2-300x169.webp 300w, https:\/\/axorarms.com\/wp-content\/uploads\/2024\/05\/CC06X-2-1024x576.webp 1024w, https:\/\/axorarms.com\/wp-content\/uploads\/2024\/05\/CC06X-2-768x432.webp 768w, https:\/\/axorarms.com\/wp-content\/uploads\/2024\/05\/CC06X-2-1536x864.webp 1536w, https:\/\/axorarms.com\/wp-content\/uploads\/2024\/05\/CC06X-2-2048x1153.webp 2048w\" sizes=\"auto, (max-width: 2560px) 100vw, 2560px\" title=\"\">\t\t\t\t\t\t\n\t\t\t\t\t<\/div>\n\t\t\t\t\t\t<\/a>\t\t\n<style>\n#image_1726625344 {\n  width: 100%;\n}\n<\/style>\n\t<\/div>\n\t\n\n\n     <\/div>\n\n     <div class=\"loading-spin dark large centered\"><\/div>\n\n\t<\/div>\n\n\n<p style=\"text-align: center;\">Cerakote Coating : CC06<\/p>\n\n\t\t<\/div>\n\t\t\t\t\t<\/div>\n\n\t\n\n<\/div>\n\n<\/div>\n<div id=\"tab_specification\" class=\"panel entry-content\" role=\"tabpanel\" aria-labelledby=\"tab-specification\">\n\n\t<div id=\"text-584670149\" class=\"text\">\n\t\t\n\n<table class=\"custom-table\">\n<tbody>\n<tr>\n<td>Model:<\/td>\n<td>FS-A<\/td>\n<\/tr>\n<tr>\n<td>System:<\/td>\n<td>Folding Gas Operated Semi Auto<\/td>\n<\/tr>\n<tr>\n<td>Receiver:<\/td>\n<td>7075 Al\u00fcminum<\/td>\n<\/tr>\n<tr>\n<td>Stock &amp; Handguard:<\/td>\n<td>Synthetic<\/td>\n<\/tr>\n<tr>\n<td>Barrel Lenght: <\/td>\n<td> 20\/24\/28 Inch \u2013 51\/61\/71 Cm<\/td>\n<\/tr>\n<tr>\n<td>Magazine Capacity: <\/td>\n<td>4+1\/7+1 <\/td>\n<\/tr>\n<tr>\n<td>Coating:<\/td>\n<td>Anodize \/ Cerakote \/ Hidro Dipping<\/td>\n<\/tr>\n<tr>\n<td>Chamber:<\/td>\n<td>3 Inch \/ 76mm<\/td>\n<\/tr>\n<tr>\n<td>Gauge:<\/td>\n<td>12<\/td>\n<\/tr>\n<tr>\n<td>Choke:<\/td>\n<td>Mobile Choke F, M, CL<\/td>\n<\/tr>\n<\/tbody>\n<\/table>\n<p> <\/p>\n\t\t\n<style>\n#text-584670149 {\n  text-align: left;\n}\n<\/style>\n\t<\/div>\n\t\n\n<\/div><\/div><\/div>\n\n\t\t<\/div>\n\t\t\t\t\n<style>\n#col-1896532213 > .col-inner {\n  margin: -22px 0px 0px 0px;\n}\n@media (min-width:550px) {\n  #col-1896532213 > .col-inner {\n    margin: -56px 0px 0px 0px;\n  }\n}\n@media (min-width:850px) {\n  #col-1896532213 > .col-inner {\n    margin: -104px 0px 0px 0px;\n  }\n}\n<\/style>\n\t<\/div>\n\n\t\n\n<\/div>\n\n\t\t<\/div>\n\n\t\t\n<style>\n#section_1686739148 {\n  padding-top: 0px;\n  padding-bottom: 0px;\n}\n@media (min-width:550px) {\n  #section_1686739148 {\n    padding-top: 0px;\n    padding-bottom: 0px;\n  }\n}\n<\/style>\n\t<\/section>\n\t\n\n","protected":false},"excerpt":{"rendered":"","protected":false},"author":2,"featured_media":926,"parent":1424,"menu_order":0,"comment_status":"closed","ping_status":"closed","template":"page-blank.php","meta":{"footnotes":""},"class_list":["post-1437","page","type-page","status-publish","has-post-thumbnail","hentry"],"_links":{"self":[{"href":"https:\/\/axorarms.com\/en\/wp-json\/wp\/v2\/pages\/1437","targetHints":{"allow":["GET"]}}],"collection":[{"href":"https:\/\/axorarms.com\/en\/wp-json\/wp\/v2\/pages"}],"about":[{"href":"https:\/\/axorarms.com\/en\/wp-json\/wp\/v2\/types\/page"}],"author":[{"embeddable":true,"href":"https:\/\/axorarms.com\/en\/wp-json\/wp\/v2\/users\/2"}],"replies":[{"embeddable":true,"href":"https:\/\/axorarms.com\/en\/wp-json\/wp\/v2\/comments?post=1437"}],"version-history":[{"count":0,"href":"https:\/\/axorarms.com\/en\/wp-json\/wp\/v2\/pages\/1437\/revisions"}],"up":[{"embeddable":true,"href":"https:\/\/axorarms.com\/en\/wp-json\/wp\/v2\/pages\/1424"}],"wp:featuredmedia":[{"embeddable":true,"href":"https:\/\/axorarms.com\/en\/wp-json\/wp\/v2\/media\/926"}],"wp:attachment":[{"href":"https:\/\/axorarms.com\/en\/wp-json\/wp\/v2\/media?parent=1437"}],"curies":[{"name":"wp","href":"https:\/\/api.w.org\/{rel}","templated":true}]}}